{"id":3920,"date":"2019-04-26T11:55:25","date_gmt":"2019-04-26T09:55:25","guid":{"rendered":"https:\/\/roemerandroemer.com\/?page_id=3920"},"modified":"2022-07-27T00:20:22","modified_gmt":"2022-07-26T22:20:22","slug":"datenschutz","status":"publish","type":"page","link":"https:\/\/roemerandroemer.com\/en\/datenschutz\/","title":{"rendered":"Datenschutz"},"content":{"rendered":"<p><\/p>\n<p class=\"p1\"><strong>Datenschutzerkl\u00e4rung<\/strong><\/p>\n<p class=\"p3\">Seit dem 25.05.2018 gilt in Europa die Europ\u00e4ische DatenschutzVerordnung. Nach dem Koh\u00e4renzprinzip ist f\u00fcr uns einzig diese relevant.<\/p>\n<p class=\"p3\">Gem\u00e4\u00df I 1 (1) und (2) i.V.m. 12 (1) Europ\u00e4ischer DatenschutzVerordnung (kurz EDV) haben wir die Pflicht, Informationen zum Datenschutz zu liefern sowie \u00fcber unsere Ma\u00dfnahmen zu informieren. Dies muss pr\u00e4zise, transparent, leicht zug\u00e4nglich und in leichter Sprache geschehen (III 1 (1) EDV). Auch Bildsymbole sind erlaubt (III 1 (7) EDV), wenn sie standardisiert, leicht wahrnehmbar, verst\u00e4ndlich, klar und nachvollziehbar sind:<\/p>\n<p class=\"p4\"><strong>Wir erheben keine personenbezogenen Daten. Wir verarbeiten Daten nur zum Zweck der Website-Funktionalit\u00e4t.<\/strong><\/p>\n<p class=\"p4\">Unser Provider ist 1&amp;1 IONOS, seine Datenschutzhinweise finden Sie hier https:\/\/www.ionos.de\/terms-gtc\/terms-privacy\/<\/p>\n<p class=\"p3\"><span class=\"s4\">Verantwortlicher<\/span> gem\u00e4\u00df II 5 EDV i.V.m. IV 26 EDV sind<span class=\"Apple-converted-space\">\u00a0 <\/span>gemeinsame Verantwortliche:<\/p>\n<p class=\"p3\">R\u00f6mer + R\u00f6mer :<\/p>\n<p class=\"p3\">Nina R\u00f6mer<\/p>\n<p class=\"p3\">Torsten R\u00f6mer<\/p>\n<p class=\"p3\">Erreichbar per Mail:<\/p>\n<p><span id=\"eeb-34703\"><\/span><script type=\"text\/javascript\">(function(){var ml=\"en.tCl4E%-o3krDAFm0dhfsc2ai\",mi=\"8;4I8HBD=0E8;>8HHAIJ53:8;?:EEJG086B=:0A0=I1C=:0A0=2G:A8HH8HB8HBG5IFF8;>8HHAIJ53:95J1<8HH8;7:EEJG086B=:0A0=I1C=:0A0=2G:A8;48H@I8;7\",o=\"\";for(var j=0,l=mi.length;j<l;j++){o+=ml.charAt(mi.charCodeAt(j)-48);}document.getElementById(\"eeb-34703\").innerHTML = decodeURIComponent(o);}());<\/script><noscript>*protected email*<\/noscript><\/p>\n<p class=\"p1\">Auftragsverarbeiter<span class=\"s5\"> gem\u00e4\u00df IV 26 EDV<\/span><\/p>\n<p>R\u00f6mer + R\u00f6mer<\/p>\n<p class=\"p3\">Gem\u00e4\u00df III 1 (1) 15 (1) EDV Infos, III Berichtigung, L\u00f6schung, III 18 Einschr\u00e4nkungen Verarbeitungen,<span class=\"Apple-converted-space\">\u00a0 <\/span>III 20 \u00dcbertragbarkeit und IV Widerspruch bestehen User-Rechte. Diese entfallen (III 13 2 (4) und III 14 5 a)), da die Infos schon hiermit gegeben wurden. Auch Widerspruch und Beschwerderechte gg\u00fc. Aufsichtsbeh\u00f6rden entfallen, da wir keine personenbezogenen Daten verarbeiten (ausf\u00fchrlich s.o.).<\/p>\n<p class=\"p3\">Verzeichnis Verarbeitungst\u00e4tigkeiten (gem\u00e4\u00df Art 30 1 EDV)<\/p>\n<p class=\"p3\">(a) Gemeinsam Verantwortliche sind Nina und Torsten R\u00f6mer, Kontaktdaten:<\/p>\n<p><span id=\"eeb-302995\"><\/span><script type=\"text\/javascript\">(function(){var ml=\"3ni.2odEt0rel%chkFAfCD4-ams\",mi=\"=0DH=49?:;C=0E=44IH2<85=0B5CC2>;=F9:5;I;:H16:5;I;:3>5I=44=49=49><HJJ=0E=44IH2<85G<21@=44=075CC2>;=F9:5;I;:H16:5;I;:3>5I=0D=4AH=07\",o=\"\";for(var j=0,l=mi.length;j<l;j++){o+=ml.charAt(mi.charCodeAt(j)-48);}document.getElementById(\"eeb-302995\").innerHTML = decodeURIComponent(o);}());<\/script><noscript>*protected email*<\/noscript><\/p>\n<p class=\"p3\">(b) Zweck: Website: Content-Broadcast: Darstellung Bilder, Videos, Info-Material<\/p>\n<p class=\"p3\">(c) keine<\/p>\n<p class=\"p3\">(d) keine Drittl\u00e4nder<\/p>\n<p class=\"p3\">(e) keine \u00dcbermittlung an internationale Organisationen<\/p>\n<p class=\"p3\">(f) keine<\/p>\n<p class=\"p3\">(g) DS by default (design) TOM Minimierung vgl. II 5 (1) c)<\/p>\n<p><\/p>","protected":false},"excerpt":{"rendered":"<p>Datenschutzerkl\u00e4rung Seit dem 25.05.2018 gilt in Europa die Europ\u00e4ische DatenschutzVerordnung. Nach dem Koh\u00e4renzprinzip ist f\u00fcr uns einzig diese relevant. Gem\u00e4\u00df I 1 (1) und (2) i.V.m. 12 (1) Europ\u00e4ischer DatenschutzVerordnung (kurz EDV) haben wir die Pflicht, Informationen zum Datenschutz zu liefern sowie \u00fcber unsere Ma\u00dfnahmen zu informieren. Dies muss pr\u00e4zise, transparent, leicht zug\u00e4nglich und in [&hellip;]<\/p>\n","protected":false},"author":1,"featured_media":0,"parent":0,"menu_order":13,"comment_status":"closed","ping_status":"closed","template":"default-page.php","meta":{"_acf_changed":false,"footnotes":""},"class_list":["post-3920","page","type-page","status-publish","hentry"],"acf":[],"_links":{"self":[{"href":"https:\/\/roemerandroemer.com\/en\/wp-json\/wp\/v2\/pages\/3920","targetHints":{"allow":["GET"]}}],"collection":[{"href":"https:\/\/roemerandroemer.com\/en\/wp-json\/wp\/v2\/pages"}],"about":[{"href":"https:\/\/roemerandroemer.com\/en\/wp-json\/wp\/v2\/types\/page"}],"author":[{"embeddable":true,"href":"https:\/\/roemerandroemer.com\/en\/wp-json\/wp\/v2\/users\/1"}],"replies":[{"embeddable":true,"href":"https:\/\/roemerandroemer.com\/en\/wp-json\/wp\/v2\/comments?post=3920"}],"version-history":[{"count":27,"href":"https:\/\/roemerandroemer.com\/en\/wp-json\/wp\/v2\/pages\/3920\/revisions"}],"predecessor-version":[{"id":6277,"href":"https:\/\/roemerandroemer.com\/en\/wp-json\/wp\/v2\/pages\/3920\/revisions\/6277"}],"wp:attachment":[{"href":"https:\/\/roemerandroemer.com\/en\/wp-json\/wp\/v2\/media?parent=3920"}],"curies":[{"name":"wp","href":"https:\/\/api.w.org\/{rel}","templated":true}]}}