{"id":4562,"date":"2020-04-17T13:16:34","date_gmt":"2020-04-17T11:16:34","guid":{"rendered":"https:\/\/roemerandroemer.com\/?post_type=product&#038;p=4562"},"modified":"2024-05-28T23:24:04","modified_gmt":"2024-05-28T21:24:04","slug":"sambataenzerinnen-der-gruppe-mangueira-in-der-concentracao","status":"publish","type":"product","link":"https:\/\/roemerandroemer.com\/en\/catalogue\/sambataenzerinnen-der-gruppe-mangueira-in-der-concentracao\/","title":{"rendered":"Sambat\u00e4nzerinnen der Gruppe Mangueira in der Concentra\u00e7\u00e3o"},"content":{"rendered":"","protected":false},"excerpt":{"rendered":"","protected":false},"featured_media":579,"template":"","meta":{"_acf_changed":false},"product_brand":[],"product_cat":[118,171],"product_tag":[],"class_list":{"0":"post-4562","1":"product","2":"type-product","3":"status-publish","4":"has-post-thumbnail","6":"product_cat-uncategorized","7":"product_cat-sambodromo","8":"pa_cycle-sambodromo-karneval-in-rio","9":"pa_jahr-131","10":"pa_place-studio","11":"pa_size-big","12":"pa_technique-oil-canvas","14":"first","15":"instock","16":"shipping-taxable","17":"purchasable","18":"product-type-simple"},"acf":[],"_links":{"self":[{"href":"https:\/\/roemerandroemer.com\/en\/wp-json\/wp\/v2\/product\/4562","targetHints":{"allow":["GET"]}}],"collection":[{"href":"https:\/\/roemerandroemer.com\/en\/wp-json\/wp\/v2\/product"}],"about":[{"href":"https:\/\/roemerandroemer.com\/en\/wp-json\/wp\/v2\/types\/product"}],"wp:featuredmedia":[{"embeddable":true,"href":"https:\/\/roemerandroemer.com\/en\/wp-json\/wp\/v2\/media\/579"}],"wp:attachment":[{"href":"https:\/\/roemerandroemer.com\/en\/wp-json\/wp\/v2\/media?parent=4562"}],"wp:term":[{"taxonomy":"product_brand","embeddable":true,"href":"https:\/\/roemerandroemer.com\/en\/wp-json\/wp\/v2\/product_brand?post=4562"},{"taxonomy":"product_cat","embeddable":true,"href":"https:\/\/roemerandroemer.com\/en\/wp-json\/wp\/v2\/product_cat?post=4562"},{"taxonomy":"product_tag","embeddable":true,"href":"https:\/\/roemerandroemer.com\/en\/wp-json\/wp\/v2\/product_tag?post=4562"}],"curies":[{"name":"wp","href":"https:\/\/api.w.org\/{rel}","templated":true}]}}